{"id":1663,"date":"2023-02-17T21:03:27","date_gmt":"2023-02-17T20:03:27","guid":{"rendered":"http:\/\/busaco.de\/?page_id=1663"},"modified":"2023-03-05T01:58:21","modified_gmt":"2023-03-05T00:58:21","slug":"bildnachweis","status":"publish","type":"page","link":"https:\/\/busaco.de\/?page_id=1663","title":{"rendered":"Bildnachweis"},"content":{"rendered":"<p>[vc_row][vc_column][vc_column_text]<\/p>\n<div class=\"wp-block-group alignfull ext editor:no-inserter ext-my-0 ext-py-lg is-layout-constrained wp-block-group-is-layout-constrained\">\n<h2 id=\"this-is-a-medium-heading\" class=\"alignwide has-text-align-center ext-mb-base ext-mt-0 has-ext-x-large-font-size wp-block-heading\">Vieles ist umsonst- nicht alles ist kostenlos. Daher m\u00f6chten wir an dieser Stelle die Urheber der Fotos erw\u00e4hnen.<\/h2>\n\n\n<div class=\"wp-block-buttons is-horizontal is-content-justification-center is-layout-flex wp-container-core-buttons-is-layout-499968f5 wp-block-buttons-is-layout-flex\">\n<div class=\"wp-block-button has-custom-font-size has-medium-font-size\"><a class=\"wp-block-button__link wp-element-button\">Los gehts<\/a><\/div>\n\n<\/div>\n\n<\/div>\n<p>\u00a0<\/p>\n\n<h2 class=\"wp-block-heading\">Urheber- und Lizenzhinweise<\/h2>\n\n<p><br \/>Sie finden nachfolgend den dezidierten Bildnachweis mit den Urheber- und Lizenz-Informationen f\u00fcr die auf dieser Webpr\u00e4senz verwendeten Bilder. Fotos, Grafiken, Animationen und Videos, die nicht aufgef\u00fchrt sind, unterliegen dem Urheberrecht des Seitenbetreibers.<\/p>\n<p>\u00a0\u00a0<\/p>\n\n<p>\u00a0<\/p>\n\n<figure class=\"wp-block-table\">\n<table style=\"height: 650px;\" width=\"644\">\n<thead>\n<tr>\n<th><strong>Seite:<\/strong><\/th>\n<th><strong>Bild ID:<\/strong><\/th>\n<th><strong>Urheber:<\/strong><\/th>\n<th><strong>Bezeichnung:<\/strong><\/th>\n<th><strong>Verkn\u00fcpfung:<\/strong><\/th>\n<\/tr>\n<\/thead>\n<tbody>\n<tr>\n<td>Wer wir Sind<\/td>\n<td>WlhfyAHmpII<\/td>\n<td><a href=\"https:\/\/unsplash.com\/de\/fotos\/WlhfyAHmpII\" target=\"_blank\" rel=\"noopener\">Heather Gill<\/a><\/td>\n<td>Brick Wall Photo<\/td>\n<td><a href=\"https:\/\/unsplash.com\/de\/\" target=\"_blank\" rel=\"noopener\">unsplash<\/a><\/td>\n<\/tr>\n<tr>\n<td>Kontakt<\/td>\n<td>EK8DxK_7IwY<\/td>\n<td><a href=\"https:\/\/unsplash.com\/de\/fotos\/EK8DxK_7IwY\" target=\"_blank\" rel=\"noopener\">ferdinand-stohr<\/a><\/td>\n<td>Skydeck<\/td>\n<td><a href=\"https:\/\/unsplash.com\/de\/fotos\/EK8DxK_7IwY\" target=\"_blank\" rel=\"noopener\">unsplash<\/a><\/td>\n<\/tr>\n<tr>\n<td>Leistungen<\/td>\n<td>UIcBEy5TDTA<\/td>\n<td><a href=\"https:\/\/unsplash.com\/de\/fotos\/UIcBEy5TDTA\" target=\"_blank\" rel=\"noopener\">daniil-silantev<\/a><\/td>\n<td>Innenr\u00e4ume<\/td>\n<td><a href=\"https:\/\/unsplash.com\/de\" target=\"_blank\" rel=\"noopener\">unsplash<\/a><\/td>\n<\/tr>\n<tr>\n<td>Praxis &amp; B\u00fcro<\/td>\n<td>xOvJBvcame8<\/td>\n<td><a href=\"https:\/\/unsplash.com\/de\/fotos\/xOvJBvcame8\" target=\"_blank\" rel=\"noopener\">dr-kanapon<\/a><\/td>\n<td>Health at home<\/td>\n<td><a href=\"https:\/\/unsplash.com\/photos\/g1Kr4Ozfoac\" target=\"_blank\" rel=\"noreferrer noopener\">unsplash<\/a><\/td>\n<\/tr>\n<tr>\n<td>Altbausanierung<\/td>\n<td>MF4PFAS13H_<\/td>\n<td><a href=\"https:\/\/stocksnap.io\/photo\/construction-renovation-MF4PFAS13H\" target=\"_blank\" rel=\"noopener\">Nolan-Issac<\/a><\/td>\n<td>Altbau<\/td>\n<td><a href=\"https:\/\/stocksnap.io\/photo\/construction-renovation-MF4PFAS13H\" target=\"_blank\" rel=\"noopener\">StockSnap<\/a><\/td>\n<\/tr>\n<tr>\n<td>\u00d6kologische Beschicht.<\/td>\n<td>C782ZA-If-8<\/td>\n<td><a href=\"https:\/\/unsplash.com\/de\/fotos\/C782ZA-If-8\" target=\"_blank\" rel=\"noopener\">caleb-jack<\/a><\/td>\n<td>White Sands National Park<\/td>\n<td><a href=\"https:\/\/unsplash.com\/photos\/g1Kr4Ozfoac\" target=\"_blank\" rel=\"noreferrer noopener\">unsplash<\/a><\/td>\n<\/tr>\n<tr>\n<td>Bodenbelaege<\/td>\n<td>\u00a0<\/td>\n<td>\u00a0<\/td>\n<td>House Home<\/td>\n<td><a href=\"https:\/\/stocksnap.io\/photo\/house-home-LJ515CPAKI\">StockSnap<\/a><\/td>\n<\/tr>\n<tr>\n<td>Fassadenarbeiten<\/td>\n<td>9mPl0Zo7_gQ<\/td>\n<td><a href=\"https:\/\/unsplash.com\/de\/fotos\/9mPl0Zo7_gQ\" target=\"_blank\" rel=\"noopener\">Hutomo-Abrianto<\/a><\/td>\n<td>D&#8217;Omah Hotel Yogya<\/td>\n<td><a href=\"https:\/\/unsplash.com\/de\/fotos\/9mPl0Zo7_gQ\" target=\"_blank\" rel=\"noopener\">unsplash<\/a><\/td>\n<\/tr>\n<tr>\n<td>Farbberatung<\/td>\n<td>azMs02-lAFk<\/td>\n<td><a href=\"https:\/\/unsplash.com\/de\/fotos\/azMs02-lAFk\" target=\"_blank\" rel=\"noopener\">Loewe Technology<\/a><\/td>\n<td>azMs02-lAFk<\/td>\n<td><a href=\"https:\/\/unsplash.com\/de\/fotos\/azMs02-lAFk\" target=\"_blank\" rel=\"noopener\">unsplash<\/a><\/td>\n<\/tr>\n<tr>\n<td>Home<\/td>\n<td>zLT3VqWEgOQ<\/td>\n<td><a href=\"https:\/\/unsplash.com\/de\/fotos\/zLT3VqWEgOQ\" target=\"_blank\" rel=\"noopener\">Sidekix Media<\/a><\/td>\n<td>Innenr\u00e4ume<\/td>\n<td><a href=\"https:\/\/unsplash.com\/de\/fotos\/zLT3VqWEgOQ\" target=\"_blank\" rel=\"noopener\">unsplash<\/a><\/td>\n<\/tr>\n<tr>\n<td>\u00dcber uns<\/td>\n<td>RS93KEUYYH<\/td>\n<td><a href=\"https:\/\/stocksnap.io\/author\/52826\" target=\"_blank\" rel=\"noreferrer noopener\">Matt Briney<\/a><\/td>\n<td>Wooden Table Photo<\/td>\n<td><a href=\"https:\/\/stocksnap.io\/photo\/wooden-table-RS93KEUYYH\" target=\"_blank\" rel=\"noreferrer noopener\">StockSnap<\/a><\/td>\n<\/tr>\n<tr>\n<td>Home<\/td>\n<td>9M66C_w_ToM<\/td>\n<td><a href=\"https:\/\/unsplash.com\/de\/fotos\/9M66C_w_ToM\" target=\"_blank\" rel=\"noopener\">Spacejoy<\/a><\/td>\n<td>Innenr\u00e4ume<\/td>\n<td><a href=\"https:\/\/unsplash.com\/de\/\" target=\"_blank\" rel=\"noopener\">unsplash<\/a><\/td>\n<\/tr>\n<tr>\n<td>Home<\/td>\n<td>1186338<\/td>\n<td><a href=\"https:\/\/pixabay.com\/de\/photos\/renovieren-malerarbeiten-anstreichen-1186338\/\" target=\"_blank\" rel=\"noopener\">Stefan Schweihofer<\/a><\/td>\n<td>Farbsieb Rolle<\/td>\n<td><a href=\"https:\/\/pixabay.com\/de\/\" target=\"_blank\" rel=\"noopener\">pixabay<\/a><\/td>\n<\/tr>\n<tr>\n<td>Raumgestaltung<\/td>\n<td>UIcBEy5TDTA<\/td>\n<td><a class=\"N2odk RZQOk eziW_ cl4O9 KHq0c\" href=\"https:\/\/unsplash.com\/de\/fotos\/UIcBEy5TDTA\" target=\"_blank\" rel=\"noopener\">Daniil Silantev<\/a><\/td>\n<td>Innenr\u00e4ume<\/td>\n<td><a href=\"https:\/\/unsplash.com\/de\/\" target=\"_blank\" rel=\"noopener\">unsplash<\/a><\/td>\n<\/tr>\n<tr>\n<td>Raumgestaltung<\/td>\n<td>UIcBEy5TDTA<\/td>\n<td><a class=\"N2odk RZQOk eziW_ cl4O9 KHq0c\" href=\"https:\/\/unsplash.com\/de\/fotos\/UIcBEy5TDTA\" target=\"_blank\" rel=\"noopener\">Collov Home Design<\/a><\/td>\n<td>Innenr\u00e4ume<\/td>\n<td><a href=\"https:\/\/unsplash.com\/de\/\" target=\"_blank\" rel=\"noopener\">unsplash<\/a><\/td>\n<\/tr>\n<tr>\n<td>Raumgestaltung<\/td>\n<td>wyBKACF3EFs<\/td>\n<td><a class=\"N2odk RZQOk eziW_ cl4O9 KHq0c\" href=\"https:\/\/unsplash.com\/de\/fotos\/wyBKACF3EFs\" target=\"_blank\" rel=\"noopener\">Collov Home Design<\/a><\/td>\n<td>Innenr\u00e4ume<\/td>\n<td><a href=\"https:\/\/unsplash.com\/de\/\" target=\"_blank\" rel=\"noopener\">unsplash<\/a><\/td>\n<\/tr>\n<tr>\n<td>Farbberatung<\/td>\n<td>46juD4zY1XA<\/td>\n<td><a class=\"N2odk RZQOk eziW_ cl4O9 KHq0c\" href=\"https:\/\/unsplash.com\/de\/fotos\/46juD4zY1XA\" target=\"_blank\" rel=\"noopener\">David Pisnoy<\/a><\/td>\n<td>Farbbecher<\/td>\n<td><a href=\"https:\/\/unsplash.com\/de\/\" target=\"_blank\" rel=\"noopener\">unsplash<\/a><\/td>\n<\/tr>\n<\/tbody>\n<\/table>\n<\/figure>\n<p>\u00a0<\/p>\n<p>[\/vc_column_text][\/vc_column][\/vc_row]<\/p>\n","protected":false},"excerpt":{"rendered":"<p>[vc_row][vc_column][vc_column_text] Vieles ist umsonst- nicht alles ist kostenlos. Daher m\u00f6chten wir an dieser Stelle die Urheber der Fotos erw\u00e4hnen. \u00a0 Urheber- &#8230;<\/p>\n","protected":false},"author":1,"featured_media":0,"parent":0,"menu_order":0,"comment_status":"closed","ping_status":"open","template":"","meta":{"footnotes":""},"class_list":["post-1663","page","type-page","status-publish","hentry"],"_links":{"self":[{"href":"https:\/\/busaco.de\/index.php?rest_route=\/wp\/v2\/pages\/1663","targetHints":{"allow":["GET"]}}],"collection":[{"href":"https:\/\/busaco.de\/index.php?rest_route=\/wp\/v2\/pages"}],"about":[{"href":"https:\/\/busaco.de\/index.php?rest_route=\/wp\/v2\/types\/page"}],"author":[{"embeddable":true,"href":"https:\/\/busaco.de\/index.php?rest_route=\/wp\/v2\/users\/1"}],"replies":[{"embeddable":true,"href":"https:\/\/busaco.de\/index.php?rest_route=%2Fwp%2Fv2%2Fcomments&post=1663"}],"version-history":[{"count":35,"href":"https:\/\/busaco.de\/index.php?rest_route=\/wp\/v2\/pages\/1663\/revisions"}],"predecessor-version":[{"id":2613,"href":"https:\/\/busaco.de\/index.php?rest_route=\/wp\/v2\/pages\/1663\/revisions\/2613"}],"wp:attachment":[{"href":"https:\/\/busaco.de\/index.php?rest_route=%2Fwp%2Fv2%2Fmedia&parent=1663"}],"curies":[{"name":"wp","href":"https:\/\/api.w.org\/{rel}","templated":true}]}}