{"id":1595,"date":"2023-03-15T18:56:23","date_gmt":"2023-03-15T17:56:23","guid":{"rendered":"http:\/\/busaco.de\/?page_id=1595"},"modified":"2023-04-01T16:54:28","modified_gmt":"2023-04-01T14:54:28","slug":"fassadenarbeiten","status":"publish","type":"page","link":"https:\/\/busaco.de\/?page_id=1595","title":{"rendered":"FASSADENARBEITEN"},"content":{"rendered":"<p>[vc_row padding_top=&#8221;0&#8243; padding_bottom=&#8221;0&#8243;][vc_column][vc_single_image image=&#8221;2646&#8243; img_size=&#8221;1100&#215;1100&#8243; alignment=&#8221;center&#8221; style=&#8221;vc_box_shadow_3d&#8221;][vc_separator css=&#8221;.vc_custom_1677794808544{padding-top: 20px !important;}&#8221;][\/vc_column][\/vc_row][vc_row][vc_column width=&#8221;1\/2&#8243;][vc_column_text]<\/p>\n<h2><i class=\"fa fa-paint-brush\" style=\"color: #09fa05;\"><\/i> Fassade- Die Visitenkarte eines Hauses<\/h2>\n<p><span style=\"font-size: 12pt;\"><br \/>\nEin Fassadenanstrich dient nicht nur der attraktiven Optik, sondern bietet dem Bauwerk Schutz um \u00e4u\u00dfere Einfl\u00fcssen wie Niederschlag, Wind, K\u00e4lte und Feuchtigkeit vom Bauk\u00f6rper fernzuhalten.<br \/>\nEgal ob klassisches wei\u00df, kr\u00e4ftige Farbt\u00f6ne oder mehrfarbige Fassadenanstriche.<br \/>\nEin Anstrich, muss viele Jahre die Substanz erhalten.<br \/>\nWir \u00fcbernehmen Ihre Fassadenarbeiten von der Sanierung, das Schleifen der Fassade \u00fcber Grundierung, das anbringen des Armierungsgewebe bis hin zum Anstrich.<br \/>\nNat\u00fcrlich streichen wir auch Ihre Eingangst\u00fcr- wenn gew\u00fcnscht gleich mit.<br \/>\nWenn erforderlich, befreien wir Ihre Fassade von Bewuchs und Pilzen und sanieren Risse und andere Sch\u00e4den.<\/span>[\/vc_column_text][vc_column_text css=&#8221;.vc_custom_1677794344592{padding-top: 20px !important;}&#8221;]<\/p>\n<h4 style=\"text-align: center; padding-left: 80px;\"><span style=\"font-size: 24pt;\">KEINE AUFGABE IST ZU KLEIN<\/span><\/h4>\n<p>[\/vc_column_text][vc_btn title=&#8221;Sprechen Sie uns an &#8211; 05113748727&#8243; style=&#8221;outline-custom&#8221; outline_custom_color=&#8221;#666666&#8243; outline_custom_hover_background=&#8221;#ff8800&#8243; outline_custom_hover_text=&#8221;#ffffff&#8221; i_icon_fontawesome=&#8221;far fa-envelope-open&#8221; add_icon=&#8221;true&#8221; el_class=&#8221;b&#8221; css=&#8221;.vc_custom_1677794357833{padding-top: 20px !important;}&#8221;][\/vc_column][vc_column width=&#8221;1\/2&#8243; css=&#8221;.vc_custom_1677794758637{padding-top: 20px !important;}&#8221;][vc_single_image image=&#8221;2565&#8243; img_size=&#8221;full&#8221; alignment=&#8221;right&#8221; style=&#8221;vc_box_shadow_3d&#8221; css=&#8221;.vc_custom_1677794707086{padding-left: 12px !important;}&#8221;][\/vc_column][\/vc_row][vc_row][vc_column][vc_column_text css_animation=&#8221;right-to-left&#8221;]<img decoding=\"async\" class=\"alignnone size-medium wp-image-2126\" src=\"https:\/\/busaco.de\/wp-content\/uploads\/2023\/02\/Colorful-Room-Design-1-300x65.jpg\" alt=\"\" width=\"300\" height=\"65\" srcset=\"https:\/\/busaco.de\/wp-content\/uploads\/2023\/02\/Colorful-Room-Design-1-300x65.jpg 300w, https:\/\/busaco.de\/wp-content\/uploads\/2023\/02\/Colorful-Room-Design-1.jpg 448w\" sizes=\"(max-width: 300px) 100vw, 300px\" \/>[\/vc_column_text][\/vc_column][\/vc_row]<\/p>\n","protected":false},"excerpt":{"rendered":"<p>Fassade- Die Visitenkarte eines Hauses<\/p>\n","protected":false},"author":1,"featured_media":2646,"parent":17,"menu_order":3,"comment_status":"closed","ping_status":"open","template":"","meta":{"footnotes":""},"class_list":["post-1595","page","type-page","status-publish","has-post-thumbnail","hentry"],"_links":{"self":[{"href":"https:\/\/busaco.de\/index.php?rest_route=\/wp\/v2\/pages\/1595","targetHints":{"allow":["GET"]}}],"collection":[{"href":"https:\/\/busaco.de\/index.php?rest_route=\/wp\/v2\/pages"}],"about":[{"href":"https:\/\/busaco.de\/index.php?rest_route=\/wp\/v2\/types\/page"}],"author":[{"embeddable":true,"href":"https:\/\/busaco.de\/index.php?rest_route=\/wp\/v2\/users\/1"}],"replies":[{"embeddable":true,"href":"https:\/\/busaco.de\/index.php?rest_route=%2Fwp%2Fv2%2Fcomments&post=1595"}],"version-history":[{"count":19,"href":"https:\/\/busaco.de\/index.php?rest_route=\/wp\/v2\/pages\/1595\/revisions"}],"predecessor-version":[{"id":2696,"href":"https:\/\/busaco.de\/index.php?rest_route=\/wp\/v2\/pages\/1595\/revisions\/2696"}],"up":[{"embeddable":true,"href":"https:\/\/busaco.de\/index.php?rest_route=\/wp\/v2\/pages\/17"}],"wp:featuredmedia":[{"embeddable":true,"href":"https:\/\/busaco.de\/index.php?rest_route=\/wp\/v2\/media\/2646"}],"wp:attachment":[{"href":"https:\/\/busaco.de\/index.php?rest_route=%2Fwp%2Fv2%2Fmedia&parent=1595"}],"curies":[{"name":"wp","href":"https:\/\/api.w.org\/{rel}","templated":true}]}}